{"id":341,"date":"2020-02-22T15:18:18","date_gmt":"2020-02-22T15:18:18","guid":{"rendered":"https:\/\/telefon.bibibo.de\/?page_id=341"},"modified":"2022-03-10T10:00:30","modified_gmt":"2022-03-10T09:00:30","slug":"handel-und-laeden","status":"publish","type":"page","link":"https:\/\/telefon.bibibo.info\/?page_id=341","title":{"rendered":"Gewerbliches und mehr"},"content":{"rendered":"\n<p class=\"has-text-align-center has-tertiary-color has-text-color\"><strong>Auf dieser Seite finden Sie Informationen zu &#8230;; bitte klicken Sie die einzelnen W\u00f6rter an<\/strong><\/p>\n\n\n\n<div class=\"wp-block-columns is-layout-flex wp-container-core-columns-is-layout-28f84493 wp-block-columns-is-layout-flex\">\n<div class=\"wp-block-column is-layout-flow wp-block-column-is-layout-flow\">\n<h5 class=\"has-text-align-center wp-block-heading\"><a href=\"http:\/\/www.biebertal-hats.de\/\" target=\"_blank\" rel=\"noreferrer noopener\">Gewerbeverein <\/a>+<br><a rel=\"noreferrer noopener\" href=\"https:\/\/www.biebertal-hats.de\/firmenregister\/\" target=\"_blank\">Firmenregister<\/a><\/h5>\n\n\n\n<h5 class=\"has-text-align-center wp-block-heading\"><a rel=\"noreferrer noopener\" href=\"https:\/\/telefon.bibibo.info\/handwerker\/\" target=\"_blank\">Handwerk<\/a><\/h5>\n<\/div>\n\n\n\n<div class=\"wp-block-column is-layout-flow wp-block-column-is-layout-flow\">\n<h5 class=\"has-text-align-center wp-block-heading\"><a href=\"https:\/\/telefon.bibibo.info\/dienstleister\/\" target=\"_blank\" rel=\"noreferrer noopener\">Dienstleister<\/a><\/h5>\n\n\n\n<h5 class=\"has-text-align-center wp-block-heading\"><a href=\"https:\/\/telefon.bibibo.info\/handel-laeden\/\" target=\"_blank\" rel=\"noreferrer noopener\">Handel + L\u00e4den<\/a><\/h5>\n\n\n\n<p><\/p>\n<\/div>\n\n\n\n<div class=\"wp-block-column is-layout-flow wp-block-column-is-layout-flow\">\n<h5 class=\"has-text-align-center wp-block-heading\"><a rel=\"noreferrer noopener\" href=\"https:\/\/telefon.bibibo.info\/gastronomie-und-unterkuenfte-in-den-ortsteilen\/\" target=\"_blank\">Gastst\u00e4tten + Unterk\u00fcnfte<\/a><\/h5>\n\n\n\n<h5 class=\"has-text-align-center wp-block-heading\"><a href=\"https:\/\/telefon.bibibo.info\/regional-in-biebertal\/\" target=\"_blank\" rel=\"noreferrer noopener\">Regional in Biebertal&nbsp;<\/a><\/h5>\n<\/div>\n<\/div>\n\n\n\n<hr class=\"wp-block-separator is-style-wide\"\/>\n\n\n\n<figure class=\"wp-block-image size-large is-resized\"><img loading=\"lazy\" decoding=\"async\" src=\"https:\/\/telefon.bibibo.info\/wp-content\/uploads\/2020\/11\/image.png\" alt=\"\" class=\"wp-image-1836\" width=\"852\" height=\"1192\" srcset=\"https:\/\/telefon.bibibo.info\/wp-content\/uploads\/2020\/11\/image.png 616w, https:\/\/telefon.bibibo.info\/wp-content\/uploads\/2020\/11\/image-214x300.png 214w\" sizes=\"auto, (max-width: 852px) 100vw, 852px\" \/><\/figure>\n\n\n\n<figure class=\"wp-block-image size-large is-resized\"><img loading=\"lazy\" decoding=\"async\" src=\"https:\/\/telefon.bibibo.info\/wp-content\/uploads\/2020\/11\/image-1.png\" alt=\"\" class=\"wp-image-1837\" width=\"846\" height=\"1192\" srcset=\"https:\/\/telefon.bibibo.info\/wp-content\/uploads\/2020\/11\/image-1.png 614w, https:\/\/telefon.bibibo.info\/wp-content\/uploads\/2020\/11\/image-1-213x300.png 213w\" sizes=\"auto, (max-width: 846px) 100vw, 846px\" \/><\/figure>\n\n\n\n<figure class=\"wp-block-image size-large is-resized\"><img loading=\"lazy\" decoding=\"async\" src=\"https:\/\/telefon.bibibo.info\/wp-content\/uploads\/2020\/11\/image-2.png\" alt=\"\" class=\"wp-image-1839\" width=\"849\" height=\"1180\" srcset=\"https:\/\/telefon.bibibo.info\/wp-content\/uploads\/2020\/11\/image-2.png 616w, https:\/\/telefon.bibibo.info\/wp-content\/uploads\/2020\/11\/image-2-216x300.png 216w\" sizes=\"auto, (max-width: 849px) 100vw, 849px\" \/><\/figure>\n\n\n\n<figure class=\"wp-block-image size-large is-resized\"><img loading=\"lazy\" decoding=\"async\" src=\"https:\/\/telefon.bibibo.info\/wp-content\/uploads\/2020\/11\/image-3.png\" alt=\"\" class=\"wp-image-1841\" width=\"850\" height=\"1090\" srcset=\"https:\/\/telefon.bibibo.info\/wp-content\/uploads\/2020\/11\/image-3.png 615w, https:\/\/telefon.bibibo.info\/wp-content\/uploads\/2020\/11\/image-3-234x300.png 234w\" sizes=\"auto, (max-width: 850px) 100vw, 850px\" \/><\/figure>\n\n\n\n<figure class=\"wp-block-image size-large is-resized\"><img loading=\"lazy\" decoding=\"async\" src=\"https:\/\/telefon.bibibo.info\/wp-content\/uploads\/2020\/11\/image-4.png\" alt=\"\" class=\"wp-image-1843\" width=\"852\" height=\"1148\" srcset=\"https:\/\/telefon.bibibo.info\/wp-content\/uploads\/2020\/11\/image-4.png 613w, https:\/\/telefon.bibibo.info\/wp-content\/uploads\/2020\/11\/image-4-223x300.png 223w\" sizes=\"auto, (max-width: 852px) 100vw, 852px\" \/><\/figure>\n\n\n\n<figure class=\"wp-block-image size-large is-resized\"><img loading=\"lazy\" decoding=\"async\" src=\"https:\/\/telefon.bibibo.info\/wp-content\/uploads\/2020\/11\/image-5.png\" alt=\"\" class=\"wp-image-1845\" width=\"851\" height=\"512\" srcset=\"https:\/\/telefon.bibibo.info\/wp-content\/uploads\/2020\/11\/image-5.png 618w, https:\/\/telefon.bibibo.info\/wp-content\/uploads\/2020\/11\/image-5-300x181.png 300w\" sizes=\"auto, (max-width: 851px) 100vw, 851px\" \/><\/figure>\n","protected":false},"excerpt":{"rendered":"<p>Auf dieser Seite finden Sie Informationen zu &#8230;; bitte klicken Sie die einzelnen W\u00f6rter an Gewerbeverein +Firmenregister Handwerk Dienstleister Handel + L\u00e4den Gastst\u00e4tten + Unterk\u00fcnfte Regional in Biebertal&nbsp;<\/p>\n","protected":false},"author":2,"featured_media":0,"parent":0,"menu_order":0,"comment_status":"closed","ping_status":"closed","template":"","meta":{"inspiro_hide_title":false,"footnotes":""},"class_list":["post-341","page","type-page","status-publish","hentry"],"_links":{"self":[{"href":"https:\/\/telefon.bibibo.info\/index.php?rest_route=\/wp\/v2\/pages\/341","targetHints":{"allow":["GET"]}}],"collection":[{"href":"https:\/\/telefon.bibibo.info\/index.php?rest_route=\/wp\/v2\/pages"}],"about":[{"href":"https:\/\/telefon.bibibo.info\/index.php?rest_route=\/wp\/v2\/types\/page"}],"author":[{"embeddable":true,"href":"https:\/\/telefon.bibibo.info\/index.php?rest_route=\/wp\/v2\/users\/2"}],"replies":[{"embeddable":true,"href":"https:\/\/telefon.bibibo.info\/index.php?rest_route=%2Fwp%2Fv2%2Fcomments&post=341"}],"version-history":[{"count":43,"href":"https:\/\/telefon.bibibo.info\/index.php?rest_route=\/wp\/v2\/pages\/341\/revisions"}],"predecessor-version":[{"id":2139,"href":"https:\/\/telefon.bibibo.info\/index.php?rest_route=\/wp\/v2\/pages\/341\/revisions\/2139"}],"wp:attachment":[{"href":"https:\/\/telefon.bibibo.info\/index.php?rest_route=%2Fwp%2Fv2%2Fmedia&parent=341"}],"curies":[{"name":"wp","href":"https:\/\/api.w.org\/{rel}","templated":true}]}}