{"id":332,"date":"2020-02-22T15:00:26","date_gmt":"2020-02-22T15:00:26","guid":{"rendered":"https:\/\/telefon.bibibo.de\/?page_id=332"},"modified":"2020-02-22T15:00:26","modified_gmt":"2020-02-22T15:00:26","slug":"kliniken-in-der-naehe-biebertals","status":"publish","type":"page","link":"https:\/\/telefon.bibibo.info\/?page_id=332","title":{"rendered":"Kliniken in der N\u00e4he Biebertals"},"content":{"rendered":"\n<p style=\"font-size:35px\"><strong>Universit\u00e4tsklinikum Gie\u00dfen <\/strong>und Marburg (UKGM)<\/p>\n\n\n\n<div class=\"wp-block-image\"><figure class=\"aligncenter\"><img loading=\"lazy\" decoding=\"async\" width=\"519\" height=\"651\" src=\"https:\/\/telefon.bibibo.info\/wp-content\/uploads\/2020\/02\/image-11.png\" alt=\"\" class=\"wp-image-257\" srcset=\"https:\/\/telefon.bibibo.info\/wp-content\/uploads\/2020\/02\/image-11.png 519w, https:\/\/telefon.bibibo.info\/wp-content\/uploads\/2020\/02\/image-11-239x300.png 239w\" sizes=\"auto, (max-width: 519px) 100vw, 519px\" \/><figcaption> <strong>35392 GIESSEN<\/strong>, <strong>Rudolf-Buchheim-Stra\u00dfe 8<\/strong><br><strong>Zentrale UKGM, Standort Gie\u00dfen<\/strong><br>Telefon:\u00a0<strong>0641 \u2013 98 56 \u2013 0<\/strong>  <\/figcaption><\/figure><\/div>\n\n\n\n<p><strong>Frauenklinik UKGM Gie\u00dfen<\/strong><br>Telefon:\u00a0<strong>0641 \u2013 98 54 52 00<\/strong><\/p>\n\n\n\n<p><strong>Hebammen-Hilfe<\/strong>\u00a0Praxis LUNA, E. Erkes<br><strong>Wettenberg<\/strong>\/Biebertal \u00a0<br>Telefon:\u00a0<strong>0641 \u2013 87 78 01 60<\/strong><br>Telefonische Beratung Regina Rothensee, Tel: 06446 921320<br>\u00a0\u00a0\u00a0\u00a0\u00a0<br><strong>Kinderklinik UKGM Gie\u00dfen<\/strong><br>Telefon:\u00a0<strong>0641 \u2013 98 54 34 00<\/strong><br><br><strong>Medizinische Klinik UKGM Gie\u00dfen<\/strong><br>Telefon:\u00a0<strong>0641 \u2013 98 54 21 12<\/strong><br><br><strong>Augenklinik UKGM Gie\u00dfen<\/strong><br>Telefon:\u00a0<strong>0641 \u2013 98 5438 20<\/strong><br><br><strong>Zahnklinik UKGM Gie\u00dfen<\/strong><br>Telefon:\u00a0<strong>0641 \u2013 98 54 62 74<\/strong><\/p>\n\n\n\n<p style=\"font-size:35px\"> <strong>St. Josefs Krankenhaus<\/strong>\u00a0\/\u00a0<strong>Balserscher Stift<\/strong> <\/p>\n\n\n\n<div class=\"wp-block-image\"><figure class=\"aligncenter is-resized\"><img loading=\"lazy\" decoding=\"async\" src=\"https:\/\/telefon.bibibo.info\/wp-content\/uploads\/2020\/02\/image-12.png\" alt=\"\" class=\"wp-image-259\" width=\"535\" height=\"294\" srcset=\"https:\/\/telefon.bibibo.info\/wp-content\/uploads\/2020\/02\/image-12.png 706w, https:\/\/telefon.bibibo.info\/wp-content\/uploads\/2020\/02\/image-12-300x165.png 300w\" sizes=\"auto, (max-width: 535px) 100vw, 535px\" \/><figcaption> <strong>35392 GIESSEN; Wilhelmstra\u00dfe 7<\/strong><br><strong>Haus 1\u00a0<\/strong>Telefon:\u00a0<strong>0641 \u2013 700 2<\/strong><br><strong>Haus 2\u00a0<\/strong>Telefon:\u00a0<strong>0641 \u2013 78 52 0<\/strong> <\/figcaption><\/figure><\/div>\n\n\n\n<p style=\"font-size:35px\"> <strong>Evangelisches Krankenhaus<\/strong> <\/p>\n\n\n\n<div class=\"wp-block-image\"><figure class=\"aligncenter\"><img loading=\"lazy\" decoding=\"async\" width=\"390\" height=\"473\" src=\"https:\/\/telefon.bibibo.info\/wp-content\/uploads\/2020\/02\/image-13.png\" alt=\"\" class=\"wp-image-260\" srcset=\"https:\/\/telefon.bibibo.info\/wp-content\/uploads\/2020\/02\/image-13.png 390w, https:\/\/telefon.bibibo.info\/wp-content\/uploads\/2020\/02\/image-13-247x300.png 247w\" sizes=\"auto, (max-width: 390px) 100vw, 390px\" \/><figcaption><strong> 35398 GIESSEN<\/strong>, <strong>Paul-Zipp-Stra\u00dfe 171<\/strong><br>Telefon:\u00a0<strong>0641 \u2013 96 09 0<\/strong> <\/figcaption><\/figure><\/div>\n\n\n\n<p style=\"font-size:35px\"> <strong>Asklepios-Klinik<\/strong>, <strong>LICH <\/strong><\/p>\n\n\n\n<div class=\"wp-block-image\"><figure class=\"aligncenter\"><img loading=\"lazy\" decoding=\"async\" width=\"376\" height=\"310\" src=\"https:\/\/telefon.bibibo.info\/wp-content\/uploads\/2020\/02\/image-15.png\" alt=\"\" class=\"wp-image-262\" srcset=\"https:\/\/telefon.bibibo.info\/wp-content\/uploads\/2020\/02\/image-15.png 376w, https:\/\/telefon.bibibo.info\/wp-content\/uploads\/2020\/02\/image-15-300x247.png 300w\" sizes=\"auto, (max-width: 376px) 100vw, 376px\" \/><figcaption> <strong>35423 LICH, Goethestra\u00dfe 4<\/strong><br>Telefon:\u00a0<strong>06404 \u2013 81 0<\/strong> <\/figcaption><\/figure><\/div>\n\n\n\n<p style=\"font-size:35px\"> <strong>Klinikum\u00a0WETZLAR<\/strong><\/p>\n\n\n\n<div class=\"wp-block-image\"><figure class=\"aligncenter\"><img loading=\"lazy\" decoding=\"async\" width=\"309\" height=\"387\" src=\"https:\/\/telefon.bibibo.info\/wp-content\/uploads\/2020\/02\/image-16.png\" alt=\"\" class=\"wp-image-264\" srcset=\"https:\/\/telefon.bibibo.info\/wp-content\/uploads\/2020\/02\/image-16.png 309w, https:\/\/telefon.bibibo.info\/wp-content\/uploads\/2020\/02\/image-16-240x300.png 240w\" sizes=\"auto, (max-width: 309px) 100vw, 309px\" \/><figcaption> <strong>35578 WETZLAR, Forsthausstr. 1-3<\/strong><br>Telefon:\u00a0<strong>06441 791<\/strong> <\/figcaption><\/figure><\/div>\n\n\n\n<p>Kartenquelle: Openstreetmap<\/p>\n","protected":false},"excerpt":{"rendered":"<p>Universit\u00e4tsklinikum Gie\u00dfen und Marburg (UKGM) Frauenklinik UKGM Gie\u00dfenTelefon:\u00a00641 \u2013 98 54 52 00 Hebammen-Hilfe\u00a0Praxis LUNA, E. ErkesWettenberg\/Biebertal \u00a0Telefon:\u00a00641 \u2013 87 78 01 60Telefonische Beratung Regina Rothensee, Tel: 06446 921320\u00a0\u00a0\u00a0\u00a0\u00a0Kinderklinik UKGM Gie\u00dfenTelefon:\u00a00641 \u2013 98 54 34 00 Medizinische Klinik UKGM Gie\u00dfenTelefon:\u00a00641 \u2013 98 54 21 12 Augenklinik UKGM Gie\u00dfenTelefon:\u00a00641 \u2013 98 5438 20 Zahnklinik UKGM Gie\u00dfenTelefon:\u00a00641 &hellip; <\/p>\n<p class=\"link-more\"><a href=\"https:\/\/telefon.bibibo.info\/?page_id=332\" class=\"more-link\">Mehr <span class=\"screen-reader-text\">\u00fcber &#8222;Kliniken in der N\u00e4he Biebertals&#8220; <\/span>Lesen<\/a><\/p>\n","protected":false},"author":2,"featured_media":0,"parent":0,"menu_order":0,"comment_status":"closed","ping_status":"closed","template":"","meta":{"inspiro_hide_title":false,"footnotes":""},"class_list":["post-332","page","type-page","status-publish","hentry"],"_links":{"self":[{"href":"https:\/\/telefon.bibibo.info\/index.php?rest_route=\/wp\/v2\/pages\/332","targetHints":{"allow":["GET"]}}],"collection":[{"href":"https:\/\/telefon.bibibo.info\/index.php?rest_route=\/wp\/v2\/pages"}],"about":[{"href":"https:\/\/telefon.bibibo.info\/index.php?rest_route=\/wp\/v2\/types\/page"}],"author":[{"embeddable":true,"href":"https:\/\/telefon.bibibo.info\/index.php?rest_route=\/wp\/v2\/users\/2"}],"replies":[{"embeddable":true,"href":"https:\/\/telefon.bibibo.info\/index.php?rest_route=%2Fwp%2Fv2%2Fcomments&post=332"}],"version-history":[{"count":2,"href":"https:\/\/telefon.bibibo.info\/index.php?rest_route=\/wp\/v2\/pages\/332\/revisions"}],"predecessor-version":[{"id":335,"href":"https:\/\/telefon.bibibo.info\/index.php?rest_route=\/wp\/v2\/pages\/332\/revisions\/335"}],"wp:attachment":[{"href":"https:\/\/telefon.bibibo.info\/index.php?rest_route=%2Fwp%2Fv2%2Fmedia&parent=332"}],"curies":[{"name":"wp","href":"https:\/\/api.w.org\/{rel}","templated":true}]}}