{"id":319,"date":"2020-02-22T14:44:40","date_gmt":"2020-02-22T14:44:40","guid":{"rendered":"https:\/\/telefon.bibibo.de\/?page_id=319"},"modified":"2024-01-05T12:18:07","modified_gmt":"2024-01-05T11:18:07","slug":"aerztliche-hilfe","status":"publish","type":"page","link":"https:\/\/telefon.bibibo.info\/?page_id=319","title":{"rendered":"\u00e4rztliche Notdienste, \u00e4rztliche Bereitschaftsdienste au\u00dferhalb der Praxis-Sprechzeiten, Gift-Notruf, Gesundheitsamt, Hilfsorganisationen, Rettungsdienste, Defibrilatoren in Biebertal => alphabetisch sortiert"},"content":{"rendered":"\n<div class=\"wp-block-columns is-layout-flex wp-container-core-columns-is-layout-28f84493 wp-block-columns-is-layout-flex\">\n<div class=\"wp-block-column is-layout-flow wp-block-column-is-layout-flow\" style=\"flex-basis:33.33%\">\n<div class=\"wp-block-image\"><figure class=\"aligncenter size-large is-resized\"><img loading=\"lazy\" decoding=\"async\" src=\"https:\/\/telefon.bibibo.info\/wp-content\/uploads\/2022\/04\/Defibrillator-2022-04-23-114842.jpg\" alt=\"\" class=\"wp-image-2583\" width=\"217\" height=\"217\" srcset=\"https:\/\/telefon.bibibo.info\/wp-content\/uploads\/2022\/04\/Defibrillator-2022-04-23-114842.jpg 310w, https:\/\/telefon.bibibo.info\/wp-content\/uploads\/2022\/04\/Defibrillator-2022-04-23-114842-300x300.jpg 300w, https:\/\/telefon.bibibo.info\/wp-content\/uploads\/2022\/04\/Defibrillator-2022-04-23-114842-150x150.jpg 150w\" sizes=\"auto, (max-width: 217px) 100vw, 217px\" \/><\/figure><\/div>\n<\/div>\n\n\n\n<div class=\"wp-block-column is-layout-flow wp-block-column-is-layout-flow\" style=\"flex-basis:66.66%\">\n<h2 class=\"wp-block-heading\"><a rel=\"noreferrer noopener\" href=\"https:\/\/lindemann-selbstverlag.de\/medizin\/defibrillatoren-schockgeber-wo-in-biebertal\/\" target=\"_blank\">Defibrillatoren in Biebertal<\/a><\/h2>\n\n\n\n<ul class=\"wp-block-list\"><li>in der&nbsp;<strong>Hausarztpraxis Biebertal<\/strong>, Am Hain 2b<\/li><li>im&nbsp;<strong>B\u00fcrgerhaus Rodheim<\/strong>&nbsp;<\/li><li>in der&nbsp;<strong>Gro\u00dfsporthalle<\/strong>&nbsp;Rodheim<\/li><\/ul>\n<\/div>\n<\/div>\n\n\n\n<hr class=\"wp-block-separator has-text-color has-background has-black-background-color has-black-color is-style-wide\"\/>\n\n\n\n<div class=\"wp-block-media-text alignwide is-vertically-aligned-center\" style=\"grid-template-columns:20% auto\"><figure class=\"wp-block-media-text__media\"><img loading=\"lazy\" decoding=\"async\" width=\"225\" height=\"225\" src=\"https:\/\/telefon.bibibo.info\/wp-content\/uploads\/2020\/02\/Notruf-Telefon.png\" alt=\"\" class=\"wp-image-322 size-full\" srcset=\"https:\/\/telefon.bibibo.info\/wp-content\/uploads\/2020\/02\/Notruf-Telefon.png 225w, https:\/\/telefon.bibibo.info\/wp-content\/uploads\/2020\/02\/Notruf-Telefon-150x150.png 150w\" sizes=\"auto, (max-width: 225px) 100vw, 225px\" \/><\/figure><div class=\"wp-block-media-text__content\">\n<h2 class=\"has-text-align-center wp-block-heading\"> <strong>\u00e4rztlicher Notdienst<\/strong> <\/h2>\n\n\n\n<p class=\"has-text-align-center has-large-font-size\"><strong> Tel: 116 117 <\/strong><\/p>\n\n\n\n<p class=\"has-text-align-center\"><em>kostenlose bundesweit g\u00fcltige Telefon-Rufnummer<\/em><\/p>\n<\/div><\/div>\n\n\n\n<h3 class=\"wp-block-heading\"><strong>\u00e4rztlicher Bereitschaftsdienst (\u00c4BD) <\/strong>der kassen\u00e4rztlichen Vereinigung Hessen<\/h3>\n\n\n\n<p style=\"font-size:clamp(14px, 0.875rem + ((1vw - 3.2px) * 0.531), 20px);px\">Der <strong>\u00c4BD <\/strong>ist zu finden im <strong>Universit\u00e4tsklinikum Gie\u00dfen<\/strong>,35392 <strong>Gie\u00dfen, Klinikstra\u00dfe 33<\/strong><br><strong><em><em><strong>Keine telefonische Voranmeldung<\/strong> = <strong>DIREKT AUFSUCHEN<\/strong><\/em><\/em><\/strong><\/p>\n\n\n\n<p> <strong>\u00d6ffnungszeiten der \u00c4DB-Zentrale in der Uni Gie\u00dfen:<\/strong> <br>Montag:&nbsp; &nbsp;&nbsp;&nbsp; &nbsp; 19:00 bis 07:00 Uhr \/ 19:00 bis 24:00 Uhr<br>Dienstag:&nbsp;&nbsp;&nbsp; &nbsp; 19:00 bis 07:00 Uhr \/ 19:00 bis 24:00 Uhr<br>Mittwoch:&nbsp;&nbsp;&nbsp; 14:00 bis 07:00 Uhr \/ 14:00 bis 24:00 Uhr<br>Donnerstag: 19:00 bis 07:00 Uhr \/ 19:00 bis 24:00 Uhr<br>Freitag:&nbsp;&nbsp;&nbsp;&nbsp;&nbsp;&nbsp;&nbsp; &nbsp; 14:00 bis 07:00 Uhr \/ 14:00 bis 24:00 Uhr<br>Samstag:&nbsp;&nbsp;&nbsp;&nbsp;&nbsp; &nbsp; 07:00 bis 07:00 Uhr \/ 07:00 bis&nbsp;07:00 Uhr<br>Sonntag:&nbsp;&nbsp;&nbsp;&nbsp;&nbsp; &nbsp; 07:00 bis 07:00 Uhr \/ 07:00 bis&nbsp;07:00 Uhr<br><br>Feiertage:&nbsp;&nbsp;&nbsp;&nbsp; &nbsp; 07:00 bis 07:00 Uhr \/ 07:00 bis&nbsp;07:00 Uhr<\/p>\n\n\n\n<hr class=\"wp-block-separator has-text-color has-background has-black-background-color has-black-color is-style-wide\"\/>\n\n\n\n<h3 class=\"has-text-align-center wp-block-heading\"><strong>Kinder- und Jugend-\u00e4rztlicher Bereitschaftsdienst<\/strong><\/h3>\n\n\n\n<p>in der\u00a0<strong>Uniklinik Gie\u00dfen \u2013 Ebene 0 \u2013 \u00c4BD<\/strong>, 35392 <strong>Gie\u00dfen,<\/strong> <strong>Klinikstra\u00dfe 22<\/strong><br><em><strong>Keine telefonische Voranmeldung<\/strong> => <strong>DIREKT AUFSUCHEN<\/strong><\/em><\/p>\n\n\n\n<p><strong>\u00d6ffnungszeiten der Kinder- und Jugend-\u00c4DB-Zentrale in der Uni Gie\u00dfen:<\/strong><br>Montag:\u00a0\u00a0\u00a0 \u00a0\u00a0\u00a0 \u2013<br>Dienstag:\u00a0\u00a0\u00a0\u00a0\u00a0 \u2013<br>Mittwoch:\u00a0\u00a0\u00a0\u00a0 16:00 bis 20:00 Uhr<br>Donnerstag:\u00a0 \u2013<br>Freitag:\u00a0\u00a0\u00a0\u00a0\u00a0\u00a0\u00a0 16:00 bis 20:00 Uhr<br>Samstag:\u00a0\u00a0\u00a0\u00a0\u00a0\u00a0 09:00 bis\u00a0 20:00 Uhr<br>Sonntag:\u00a0\u00a0\u00a0\u00a0 \u00a0 09:00 bis\u00a0 20:00 Uhr<br>Feiertags:\u00a0\u00a0\u00a0 \u00a0 09:00 bis\u00a0 20:00 Uhr<\/p>\n\n\n\n<hr class=\"wp-block-separator has-text-color has-background has-black-background-color has-black-color is-style-wide\"\/>\n\n\n\n<h2 class=\"has-text-align-center wp-block-heading\"><a rel=\"noreferrer noopener\" href=\"https:\/\/home.meinestadt.de\/biebertal\/gesundheit\/notdienst-apotheke\" target=\"_blank\">Apotheken-Notdienst<\/a><\/h2>\n\n\n\n<div class=\"wp-block-image\"><figure class=\"aligncenter size-large\"><img loading=\"lazy\" decoding=\"async\" width=\"476\" height=\"1002\" src=\"https:\/\/telefon.bibibo.info\/wp-content\/uploads\/2024\/01\/Apotheken-Notdienstplan-2024-01-05-115440.png\" alt=\"\" class=\"wp-image-2815\" srcset=\"https:\/\/telefon.bibibo.info\/wp-content\/uploads\/2024\/01\/Apotheken-Notdienstplan-2024-01-05-115440.png 476w, https:\/\/telefon.bibibo.info\/wp-content\/uploads\/2024\/01\/Apotheken-Notdienstplan-2024-01-05-115440-143x300.png 143w\" sizes=\"auto, (max-width: 476px) 100vw, 476px\" \/><figcaption>Quelle: Veranstaltungskalender 2024 der Gemeinde Biebertal<\/figcaption><\/figure><\/div>\n\n\n\n<figure class=\"wp-block-image size-large\"><img loading=\"lazy\" decoding=\"async\" width=\"908\" height=\"637\" src=\"https:\/\/telefon.bibibo.info\/wp-content\/uploads\/2024\/01\/Apothekenn-Notdienst-2024-01-05-115229.png\" alt=\"\" class=\"wp-image-2814\" srcset=\"https:\/\/telefon.bibibo.info\/wp-content\/uploads\/2024\/01\/Apothekenn-Notdienst-2024-01-05-115229.png 908w, https:\/\/telefon.bibibo.info\/wp-content\/uploads\/2024\/01\/Apothekenn-Notdienst-2024-01-05-115229-300x210.png 300w, https:\/\/telefon.bibibo.info\/wp-content\/uploads\/2024\/01\/Apothekenn-Notdienst-2024-01-05-115229-768x539.png 768w\" sizes=\"auto, (max-width: 908px) 100vw, 908px\" \/><\/figure>\n\n\n\n<hr class=\"wp-block-separator has-text-color has-background has-black-background-color has-black-color is-style-wide\"\/>\n\n\n\n<h3 class=\"has-text-align-center wp-block-heading\">Hebammenhilfe<\/h3>\n\n\n\n<p>Hebammenpraxis LUNA Wettenberg + Biebertal, H. Erkes, Telefon: 0641 \/ 87 78 01 60<br>Hebamme Regina Rothensee, Telefon: 06446 \/ 92 16 20<\/p>\n\n\n\n<hr class=\"wp-block-separator has-text-color has-background has-black-background-color has-black-color is-style-wide\"\/>\n\n\n\n<h3 class=\"has-text-align-center wp-block-heading\"><strong>\u00c4rztlicher Notdienst Lahn-Dill Nord<\/strong><\/h3>\n\n\n\n<p><strong><a rel=\"noreferrer noopener\" href=\"http:\/\/www.lahn-dill-kliniken.de\" target=\"_blank\">Lahn-Dill-Kliniken<\/a><\/strong>, <strong>Dillenburg<\/strong>, Rothenbergstr. 2, Telefon 02771 \/ 3960  &#8211; in Notdienst <strong>Kontakt \u00fcber 116 117<\/strong><br>zust\u00e4ndige Arztpraxen<br>Dr. med. Christoph\u00a0Hornung\u00a0(Allgemeinmediziner), 35644 <strong>Hohenahr<\/strong>, Gartenstr. 5, Telefon 06446 \/ 92 350<br>Dr.\u00a0med.\u00a0Anne-Barbara Warnstedt-Hornung (Allgemeinmed.) 35644 <strong>Hohenahr<\/strong>, Gewerbestra\u00dfe 6, Telefon 06446 \/ 2666<br>Dr. med. Hermann Lepper (Internist), 35644 <strong>Hohenahr<\/strong>, S\u00fcdring 5, Telefon 06446 \/ 921 995<br>Klaus Krekeler (praktischer Arzt), 35649 <strong>Bischoffen<\/strong>, Am Gesundbrunnen 2, Telefon 06444 \/ 544 <\/p>\n\n\n\n<hr class=\"wp-block-separator has-text-color has-background has-black-background-color has-black-color is-style-wide\"\/>\n\n\n\n<h3 class=\"has-text-align-center wp-block-heading\"><strong>Augen\u00e4rztlicher Notdienst<\/strong><\/h3>\n\n\n\n<p style=\"font-size:clamp(14px, 0.875rem + ((1vw - 3.2px) * 0.531), 20px);px\"><strong>Klinik und Poliklinik f\u00fcr Augenheilkunde<\/strong>, 35392 <strong>Gie\u00dfen, Friedrichstr. 18<\/strong><br>Tel:&nbsp;<strong>0641 \u2013 98 546 444<\/strong><\/p>\n\n\n\n<hr class=\"wp-block-separator has-text-color has-background has-black-background-color has-black-color is-style-wide\"\/>\n\n\n\n<h3 class=\"has-text-align-center wp-block-heading\"><strong>Zahn\u00e4rztlicher Notdienst<\/strong> <\/h3>\n\n\n\n<p style=\"font-size:clamp(14px, 0.875rem + ((1vw - 3.2px) * 0.531), 20px);px\"><strong>Leitstelle Lahn-Dill<\/strong>&nbsp;<br>Tel:&nbsp;<strong>01805 \u2013 60 70 11<\/strong> (Service geb\u00fchrenpflichtig) <\/p>\n\n\n\n<hr class=\"wp-block-separator has-text-color has-background has-black-background-color has-black-color is-style-wide\"\/>\n\n\n\n<h3 class=\"has-text-align-center wp-block-heading\"><strong>Gift-Informationszentrum<\/strong><\/h3>\n\n\n\n<p class=\"has-medium-font-size\"><strong>Gift-Notruf:<\/strong>&nbsp;Tel.:&nbsp;<strong>06131 \u2013 192 40<\/strong> <\/p>\n\n\n\n<hr class=\"wp-block-separator has-text-color has-background has-black-background-color has-black-color is-style-wide\"\/>\n\n\n\n<h3 class=\"has-text-align-center wp-block-heading\"><strong>Fr\u00fcherkennungszentrum<\/strong> <strong>Psychosen<\/strong><\/h3>\n\n\n\n<p style=\"font-size:clamp(14px, 0.875rem + ((1vw - 3.2px) * 0.531), 20px);px\"><strong>Klinik f\u00fcr Psychiatrie der Uni-Klinik Marburg-Gie\u00dfen<\/strong><br>Telefon: <strong>0641 \/ 985 &#8211; 45 720<\/strong><br>Mail: <a href=\"mailto:psych.frueherkennung.giessen@uk-gm.de\" target=\"_blank\" rel=\"noreferrer noopener\">psych.frueherkennung.giessen@uk-gm.de<\/a><\/p>\n\n\n\n<hr class=\"wp-block-separator has-text-color has-background has-black-background-color has-black-color is-style-wide\"\/>\n\n\n\n<h3 class=\"has-text-align-center wp-block-heading\"><strong>Gesundheitsamt Gie\u00dfen<\/strong> <\/h3>\n\n\n\n<p style=\"font-size:clamp(14px, 0.875rem + ((1vw - 3.2px) * 0.531), 20px);px\">35390 <strong>Gie\u00dfen<\/strong>, <strong>Riverspl. 1-9<\/strong><br>Tel:&nbsp;<strong>0641 \u2013 93 90 616<\/strong> <\/p>\n\n\n\n<hr class=\"wp-block-separator has-text-color has-background has-black-background-color has-black-color is-style-wide\"\/>\n\n\n\n<h3 class=\"has-text-align-center wp-block-heading\"><strong>Rettungsdienste<\/strong><\/h3>\n\n\n\n<p style=\"font-size:clamp(14px, 0.875rem + ((1vw - 3.2px) * 0.531), 20px);px\"><strong>Deutsches Rotes Kreuz<\/strong><br>Verwaltung \/ soziale Dieneste<br>35394 <strong>Gie\u00dfen<\/strong>, <strong>Eichg\u00e4rtenallee 90<\/strong><br>Tel:&nbsp;<strong>0641 \u2013 400 06 0<\/strong> <\/p>\n\n\n\n<hr class=\"wp-block-separator has-text-color has-background has-black-background-color has-black-color is-style-wide\"\/>\n\n\n\n<p style=\"font-size:clamp(14px, 0.875rem + ((1vw - 3.2px) * 0.531), 20px);px\"><strong>Johanniter Unfall Hilfe e.V.<\/strong>  &#8211; Regionalverband Gie\u00dfen, Tel:&nbsp;<strong>06403 \u2013 70 300<\/strong><br><strong>Carl-Benz-Str. 4-6, <\/strong>35440<strong> Linden<\/strong><\/p>\n\n\n\n<hr class=\"wp-block-separator has-text-color has-background has-black-background-color has-black-color is-style-wide\"\/>\n\n\n\n<p style=\"font-size:clamp(14px, 0.875rem + ((1vw - 3.2px) * 0.531), 20px);px\"><strong>Malteser Hilfsdienst&nbsp;<\/strong>e.V., Tel:&nbsp;<strong>0641 \u2013 97 181 07<\/strong><br> 35398 <strong>Gie\u00dfen, Friedrich-List-Stra\u00dfe 27<\/strong>,<strong> <\/strong>Tel:&nbsp;<strong>0641 \u2013 94 46 45 50<\/strong> <\/p>\n\n\n\n<hr class=\"wp-block-separator has-text-color has-background has-black-background-color has-black-color is-style-wide\"\/>\n\n\n\n<h3 class=\"has-text-align-center wp-block-heading\">Hausnotruf<\/h3>\n\n\n\n<p style=\"font-size:clamp(14px, 0.875rem + ((1vw - 3.2px) * 0.531), 20px);px\"><strong>Johanniter Unfall Hilfe e.V.<\/strong> &#8211; Hausnotruf, Telefon:&nbsp;<strong>08000 \u2013 7 23 73 77<\/strong> (kostenlos)<br>Info &#8211; Beratung &#8211; Terminvereinbarung<\/p>\n\n\n\n<hr class=\"wp-block-separator has-text-color has-background has-black-background-color has-black-color is-style-wide\"\/>\n\n\n\n<h3 class=\"has-text-align-center wp-block-heading\">Tier\u00e4rztlicher Notdienst<\/h3>\n\n\n\n<p><strong>Kleintiere<\/strong>: Tierarztpraxis Im Westpark, Dr. Lisa Nikolai, Westpark 7, <strong>Wettenberg<\/strong>, Telefon: 0641 \/ 96 61 09 50<br>Tier\u00e4rztliche Praxis Dr. E. Gielen, An der Hardt 2 (Gewerbegebiet Biebertal-<strong>Rodheim<\/strong>), Telefon: 06409 \/ 80 47 77<br>Tierarztpraxie Hinterland, Tina Wagner-Winter, Rodheimer Str. 37, Biebertal-<strong>Fellingshausen<\/strong>, Telefon: 06409 \/ 662 31 20<\/p>\n\n\n\n<hr class=\"wp-block-separator has-text-color has-background has-black-background-color has-black-color is-style-wide\"\/>\n","protected":false},"excerpt":{"rendered":"<p>Defibrillatoren in Biebertal in der&nbsp;Hausarztpraxis Biebertal, Am Hain 2b im&nbsp;B\u00fcrgerhaus Rodheim&nbsp; in der&nbsp;Gro\u00dfsporthalle&nbsp;Rodheim \u00e4rztlicher Notdienst Tel: 116 117 kostenlose bundesweit g\u00fcltige Telefon-Rufnummer \u00e4rztlicher Bereitschaftsdienst (\u00c4BD) der kassen\u00e4rztlichen Vereinigung Hessen Der \u00c4BD ist zu finden im Universit\u00e4tsklinikum Gie\u00dfen,35392 Gie\u00dfen, Klinikstra\u00dfe 33Keine telefonische Voranmeldung = DIREKT AUFSUCHEN \u00d6ffnungszeiten der \u00c4DB-Zentrale in der Uni Gie\u00dfen: Montag:&nbsp; &nbsp;&nbsp;&nbsp; &nbsp; &hellip; <\/p>\n<p class=\"link-more\"><a href=\"https:\/\/telefon.bibibo.info\/?page_id=319\" class=\"more-link\">Mehr <span class=\"screen-reader-text\">\u00fcber &#8222;\u00e4rztliche Notdienste, \u00e4rztliche Bereitschaftsdienste au\u00dferhalb der Praxis-Sprechzeiten, Gift-Notruf, Gesundheitsamt, Hilfsorganisationen, Rettungsdienste, Defibrilatoren in Biebertal => alphabetisch sortiert&#8220; <\/span>Lesen<\/a><\/p>\n","protected":false},"author":2,"featured_media":0,"parent":0,"menu_order":0,"comment_status":"closed","ping_status":"closed","template":"","meta":{"inspiro_hide_title":false,"footnotes":""},"class_list":["post-319","page","type-page","status-publish","hentry"],"_links":{"self":[{"href":"https:\/\/telefon.bibibo.info\/index.php?rest_route=\/wp\/v2\/pages\/319","targetHints":{"allow":["GET"]}}],"collection":[{"href":"https:\/\/telefon.bibibo.info\/index.php?rest_route=\/wp\/v2\/pages"}],"about":[{"href":"https:\/\/telefon.bibibo.info\/index.php?rest_route=\/wp\/v2\/types\/page"}],"author":[{"embeddable":true,"href":"https:\/\/telefon.bibibo.info\/index.php?rest_route=\/wp\/v2\/users\/2"}],"replies":[{"embeddable":true,"href":"https:\/\/telefon.bibibo.info\/index.php?rest_route=%2Fwp%2Fv2%2Fcomments&post=319"}],"version-history":[{"count":22,"href":"https:\/\/telefon.bibibo.info\/index.php?rest_route=\/wp\/v2\/pages\/319\/revisions"}],"predecessor-version":[{"id":2818,"href":"https:\/\/telefon.bibibo.info\/index.php?rest_route=\/wp\/v2\/pages\/319\/revisions\/2818"}],"wp:attachment":[{"href":"https:\/\/telefon.bibibo.info\/index.php?rest_route=%2Fwp%2Fv2%2Fmedia&parent=319"}],"curies":[{"name":"wp","href":"https:\/\/api.w.org\/{rel}","templated":true}]}}