{"id":174,"date":"2020-01-19T09:36:11","date_gmt":"2020-01-19T09:36:11","guid":{"rendered":"https:\/\/telefon.bibibo.de\/?page_id=174"},"modified":"2024-10-30T10:03:53","modified_gmt":"2024-10-30T09:03:53","slug":"gemeindeverwaltung","status":"publish","type":"page","link":"https:\/\/telefon.bibibo.info\/?page_id=174","title":{"rendered":"Gemeinde &#8211; Verwaltung + Ortsteile"},"content":{"rendered":"\n<h4 class=\"wp-block-heading has-text-align-center has-tertiary-color has-text-color\">auf dieser Seite finden Sie Adressen und Informationen zu:<\/h4>\n\n\n\n<p class=\"has-text-align-center\"><strong>Gemeindeverwaltung, Sprechzeiten, Fundb\u00fcro, Ortsgericht, Grill- u. Schutzh\u00fctten, Schiedsperson, <br>Biebertal hilft, Wasser + Abwasser, Strom + Gas, Stra\u00dfenlaternen, Abfallentsorgung,<br>Wochenenddienst des Forstamtes Wettenberg, Versicherungs\u00e4ltester Deutsche Rentenversicherung<\/strong><\/p>\n\n\n\n<p class=\"has-text-align-center\"><strong>Ortsbeir\u00e4te, B\u00fcrgerkommunen, B\u00fcchereien<\/strong><\/p>\n\n\n\n<hr class=\"wp-block-separator has-css-opacity is-style-wide\"\/>\n\n\n\n<hr class=\"wp-block-separator has-css-opacity is-style-wide\"\/>\n\n\n\n<h3 class=\"wp-block-heading\">Gemeindeverwaltung<br><strong>M\u00fchlbergstr. 9, 35444 Biebertal-Rodheim&nbsp;&nbsp;<\/strong>Tel:&nbsp;<strong>06409 \/ 69 \u2013 0<\/strong> <\/h3>\n\n\n\n<p><strong>Die Seite <a rel=\"noreferrer noopener\" href=\"https:\/\/www.biebertal.de\/\" target=\"_blank\">www.biebertal.de<\/a><\/strong> <strong>der Gemeindeverwaltung bietet folgende Inhalte<\/strong><br><strong><a rel=\"noreferrer noopener\" href=\"https:\/\/www.biebertal.de\/kontakt\/\" target=\"_blank\">Kontakt<\/a><\/strong>: Infos &amp; Tipps &#8211; Politik &amp; Verwaltung &#8211; Freizeit &amp; Kultur &#8211; Jugend &amp; Senioren &#8211; Wohnen &amp; Tourismus<br><strong><a rel=\"noreferrer noopener\" href=\"https:\/\/www.biebertal.de\/oeffnungszeiten\/\" target=\"_blank\">\u00d6ffnungszeiten<\/a><\/strong> (aktuell eingeschr\u00e4nkter Betrieb wegen der Corona-Pandemie)<br><strong><a rel=\"noreferrer noopener\" href=\"https:\/\/www.biebertal.de\/downloads\/\" target=\"_blank\">Downloads<\/a><\/strong> zu Bauen, Wohnen, Wasser, Abwasser, Passwesen, Meldewesen, Kindergarten, Fischereiwesen, Friedhofswesen, Gewerbeangelegenheiten, Standesamt, Ordnungsangelegenheiten, Sonstiges<br><strong><a rel=\"noreferrer noopener\" href=\"https:\/\/www.biebertal.de\/termine\/\" target=\"_blank\">Termine <\/a><\/strong>&amp; Veranstaltungen + Veranstaltungskalender<br><strong><a rel=\"noreferrer noopener\" href=\"https:\/\/www.biebertal.de\/stadtplan\/\" target=\"_blank\">Stadtplan<\/a><\/strong> <br><strong><a rel=\"noreferrer noopener\" href=\"https:\/\/www.biebertal.de\/notdienste\/\" target=\"_blank\">Notdienste<\/a><\/strong><\/p>\n\n\n\n<figure class=\"wp-block-image alignleft size-large is-resized\"><img loading=\"lazy\" decoding=\"async\" width=\"150\" height=\"94\" src=\"https:\/\/telefon.bibibo.info\/wp-content\/uploads\/2020\/01\/Rathaus-150.jpg\" alt=\"\" class=\"wp-image-194\" style=\"width:297px;height:186px\"\/><\/figure>\n\n\n\n<h3 class=\"wp-block-heading\"><strong>Sprechzeiten der B\u00fcrgermeisterin &nbsp;<\/strong><\/h3>\n\n\n\n<p>nach telefonischer Vereinbarung dienstags in der <strong>Gemeindeverwaltung<\/strong> <strong>Rodheim<\/strong><br>geplant auch auf dem <strong>Wochenmarkt Fellingshausen<\/strong> &nbsp;&nbsp; &nbsp; &nbsp; &nbsp; &nbsp; <br>am 1. Donnerstag im Monat: 15-17 Uhr <br>und 1 x im Monat sonntags: 15-17 Uhr in der Mehrzweckhalle im <strong>Dorfcaf\u00e9 K\u00f6nigsberg<\/strong><br><br><\/p>\n\n\n\n<div class=\"wp-block-columns is-layout-flex wp-container-core-columns-is-layout-28f84493 wp-block-columns-is-layout-flex\">\n<div class=\"wp-block-column is-layout-flow wp-block-column-is-layout-flow\">\n<h4 class=\"wp-block-heading\"><strong>\u00d6ffnungszeiten der Verwaltung <\/strong><br><strong>mit Standesamt und Gewerbeamt<\/strong><\/h4>\n\n\n\n<p>Mo, Mi, Fr. 08.30-11.30 Uhr; Di 14.00-18.00 Uhr;<\/p>\n\n\n\n<p><strong>06409 &#8211; 690<\/strong> &#8211; Information: <strong>Frau Br\u00fcck<\/strong><br><strong>nach telefonischer oder Online-Termin-Vereinbarung<\/strong><\/p>\n<\/div>\n\n\n\n<div class=\"wp-block-column is-layout-flow wp-block-column-is-layout-flow\">\n<h3 class=\"wp-block-heading\"><strong>B\u00fcrgerservice&nbsp;<\/strong><\/h3>\n\n\n\n<p><strong>06409 &#8211; 690<\/strong> &#8211; Information: <strong>Frau Br\u00fcck<\/strong><br><strong>nach Online-Termin-Vereinbarung<\/strong><br><strong>dienstags <\/strong>14.00-18.00 Uhr ohne Voranmeldung<br><a href=\"https:\/\/www.biebertal.de\/politik-verwaltung\/politische-gremien\/buergerinformationssystem\/\" target=\"_blank\" rel=\"noreferrer noopener\"><strong>B\u00fcrgerinformationssystem<\/strong><\/a><\/p>\n<\/div>\n<\/div>\n\n\n\n<div class=\"wp-block-columns is-layout-flex wp-container-core-columns-is-layout-28f84493 wp-block-columns-is-layout-flex\">\n<div class=\"wp-block-column is-layout-flow wp-block-column-is-layout-flow\">\n<h3 class=\"wp-block-heading\"><strong>Fundb\u00fcro<\/strong>&nbsp;der Gemeinde Biebertal<\/h3>\n\n\n\n<p><strong>Ansprechpartner\u00a0\u00a0Eva Br\u00fcck<\/strong>, Tel:\u00a0<strong>06409 \/ 69 \u2013 0<\/strong><br><strong>Rosa Valdeolivas-Gonzalez<\/strong>, B\u00fcrgerb\u00fcro,\u00a0Tel:\u00a0<strong>06409 \/ 69 44\u00a0<\/strong><\/p>\n\n\n\n<p>Bauabteilung <strong>06409 \/ 6929-6931<\/strong><br>B\u00fcrgermeisterin  <strong>\/ 6922<\/strong><br>Einwohnermeldeamt <strong>\/ 6941, 6942,6944<\/strong><br>Hauptamt <strong>\/ 6925,06928<\/strong><br>Jugendpflege <strong>\/ 6955<\/strong><br>Kasse <strong>\/ 6960, 6961<\/strong><br>Ordnungsamt <strong>\/ 6940, 6943<\/strong><br>Sozialangelegenheiten <strong>\/ 6923<\/strong><br>Standesamt <strong>\/ 6952<\/strong><br>Steueramt <strong>\/ 6935<\/strong><br>Umweltbeauftragte <strong>\/ 6964<\/strong><br>Beratungsstelle f. \u00e4ltere Menschen u. Angeh\u00f6rige <strong>\/ 3045<\/strong><\/p>\n\n\n\n<h3 class=\"wp-block-heading\">Grill- und <a rel=\"noreferrer noopener\" href=\"https:\/\/telefon.bibibo.info\/grillhuetten-und-schutzhuetten\/\" target=\"_blank\">Schutzh\u00fctten<\/a><\/h3>\n\n\n\n<p><strong>Hinweis<\/strong>: an den Schutzh\u00fctten in Fellingshausen, Rodheim-Bieber und K\u00f6nigsberg stehen keine M\u00fcllgef\u00e4\u00dfe zur Verf\u00fcgung. Nutzer m\u00fcssen da selbst entsorgen!<\/p>\n\n\n\n<p><strong>Ansprechpartner\u00a0Eva Br\u00fcck<\/strong>, Tel:\u00a0<strong>06409 \/ 69 \u2013 0<\/strong><\/p>\n\n\n\n<p>Vergabe der <strong>Schutzh\u00fctte &#8222;Sandkaute&#8220;, Fellingshausen<\/strong><br><strong>Ansprechpartner\u00a0<\/strong>Walter Bechthold<br>Telefon: 06409 \/ 1097<br>oder Dieter Synowzik<br>Telefon: 06409 \/ 7142<br><br>Vergabe der <strong>Schutzh\u00fctte<\/strong> <strong>in K\u00f6nigsberg<\/strong><br><strong>Ansprechpartner\u00a0Guido Rothe<\/strong>, Bergstr. 53<br>Telefon: 06446 \/ 92 12 60<br>Mail: <a href=\"http:\/\/g.rothe@vg-k\u00f6nigsberg.de\" data-type=\"URL\" data-id=\"g.rothe@vg-k\u00f6nigsberg.de\">g.rothe@vg-k\u00f6nigsberg.de<\/a><\/p>\n<\/div>\n\n\n\n<div class=\"wp-block-column is-layout-flow wp-block-column-is-layout-flow\">\n<h3 class=\"wp-block-heading\"><strong>Ortsgericht Biebertal<\/strong><\/h3>\n\n\n\n<p><strong>Sprechstunden\u00a0<\/strong>nach telefonischer Vereinbarung<br>Sitzungszimmer im Obergeschoss der Gemeindeverwaltung <br><strong>Heinrich Marx<\/strong>, Am Gro\u00dfacker 2, 35444 Biebertal-Fellingshausen\u00a0<br>Tel:\u00a0<strong>0 64 09 \u2013 71 59<\/strong>\u00a0\u00a0 Mobil:\u00a0<strong>0170 \/ 444 66 30<\/strong><\/p>\n\n\n\n<h3 class=\"wp-block-heading\"><strong>Schiedspersonen<\/strong><\/h3>\n\n\n\n<p><strong>Dittmar R\u00fchl, <\/strong><br>Wilhelmstr. 34, Biebertal-<strong>Frankenbach<\/strong>, <br>Tel: 06409 \/ 69-50<br>Mail:\u00a0<a href=\"https:\/\/telefon.bibibo.info\/wp-admin\/Schiedsamt@Biebertal.de\">Schiedsamt@Biebertal.de\u00a0<\/a><br>stv. Schiedsperson <br><strong>Dieter Gutzeit<\/strong><br>Bergstr. 28, Biebertal-K\u00f6nigsberg<br>Telefon: 06446 \/ 27 98<br><\/p>\n\n\n\n<h3 class=\"wp-block-heading\"><a href=\"https:\/\/de.wikipedia.org\/wiki\/Gemeinwesenarbeit\" target=\"_blank\" rel=\"noreferrer noopener\">Gemeinwesenarbeit <\/a>in Biebertal<\/h3>\n\n\n\n<p><strong>Chris Patrik Koch<\/strong><br>Er ist der &#8222;K\u00fcmmerer&#8220;, um zu unterst\u00fctzen, wo Lebensbedingungen zu verbessern, Ideen zu f\u00f6rdern oder Hilfen zu vermitteln sind.<br>Sprechstunden Mittwoch 09-16 Uhr <br>nach Vereinbarung<br>FairWandelBar, Gie\u00dfener Str. 2, Biebertal-Rodheim<br>Telefon: 0151 \/ 74 46 49 22<br>Mail: <a href=\"mailto:gwo-biebertal@zaug.de\" target=\"_blank\" rel=\"noreferrer noopener\">gwo-biebertal@zaug.de<\/a><\/p>\n<\/div>\n<\/div>\n\n\n\n<div class=\"wp-block-columns is-layout-flex wp-container-core-columns-is-layout-28f84493 wp-block-columns-is-layout-flex\">\n<div class=\"wp-block-column is-layout-flow wp-block-column-is-layout-flow\">\n<h3 class=\"wp-block-heading\">&nbsp;Kontaktbeamter der Polizei<\/h3>\n\n\n\n<p>PHK <strong>Markus von Nessen <\/strong><br>Schutzmann vor Ort f\u00fcr Sicherheits- und Ordnungsbelange<br>Telefon: 0641 \/ 7006 3758<br>Polizeistation Nord, Berliner Platz 1, 35390 Gie\u00dfen<br>Sprechstunde nach Vereinbarung<\/p>\n\n\n\n<p><a href=\"https:\/\/telefon.bibibo.info\/wp-admin\/Schiedsamt@Biebertal.de\">&nbsp;<\/a><\/p>\n<\/div>\n\n\n\n<div class=\"wp-block-column is-layout-flow wp-block-column-is-layout-flow\">\n<h3 class=\"wp-block-heading\"><strong>Biebertal hilft<\/strong><\/h3>\n\n\n\n<p><a href=\"http:\/\/www.biebertal-hilft.de\/\">www.biebertal-hilft.de<\/a><br><strong>Spendenkonto <\/strong>&#8211; <strong>Verwendungszweck 486 0760<\/strong><br>Sparkasse Wetzlar: DE18 5155 0035 0032 0000 10<br>Volksbank Heuchelheim: DE92513610210004041658<\/p>\n<\/div>\n<\/div>\n\n\n\n<div class=\"wp-block-columns is-layout-flex wp-container-core-columns-is-layout-28f84493 wp-block-columns-is-layout-flex\">\n<div class=\"wp-block-column is-layout-flow wp-block-column-is-layout-flow\">\n<h3 class=\"wp-block-heading\"><strong>Wasser  + Abwasser<\/strong><\/h3>\n\n\n\n<p>Bei Problemen in der <strong>Abwasserentsorgung<\/strong><br>Telefon: <strong>0151 \/ 10 61 04 08<\/strong><\/p>\n\n\n\n<p>Bei Problemen der <strong>Wasserversorgung <\/strong>und <strong>Rohrbr\u00fcche<\/strong><br>Telefon: <strong>0171 \/ 351 67 54<\/strong><br>im <strong>Ortsteil Krumbach<\/strong> ist der Zweckverband Mittelhessische Wasserwerke zust\u00e4ndig<br>Telefon: <strong>0641 950 60<\/strong><\/p>\n\n\n\n<h3 class=\"wp-block-heading\"><strong>Stra\u00dfenlampen<\/strong><\/h3>\n\n\n\n<p><strong>defekte Stra\u00dfenlampen<\/strong> bitte bei der Gemeindeverwaltung melden<br>Telefon: <strong>06409 \/ 69-0<\/strong><br>Mail: <strong>info@biebertal.de<\/strong><\/p>\n<\/div>\n\n\n\n<div class=\"wp-block-column is-layout-flow wp-block-column-is-layout-flow\">\n<h3 class=\"wp-block-heading\"><strong>Strom<\/strong>&#8211; + <strong>Gasversorgung<\/strong><\/h3>\n\n\n\n<p><a rel=\"noreferrer noopener\" href=\"https:\/\/www.eam-netz.de\/\" target=\"_blank\"><strong>EnergieNETZ Mitte<\/strong><\/a><br><strong>Kundenservice<\/strong><br>Telefon: <strong>0800 \/ 32 505 32<\/strong><\/p>\n\n\n\n<p><strong>Entst\u00f6rungsdienst <\/strong><br><strong>&#8211; Strom<\/strong><br>Telefon: <strong>0800 \/ 34 101 34<\/strong><br>&#8211; <strong>Gas<\/strong><br>Telefon: <strong>0800 \/ 34 202 34<\/strong><\/p>\n\n\n\n<p><\/p>\n\n\n\n<figure class=\"wp-block-image size-large is-resized\"><img loading=\"lazy\" decoding=\"async\" width=\"227\" height=\"194\" src=\"https:\/\/telefon.bibibo.info\/wp-content\/uploads\/2022\/02\/keine-Anhaenger.jpg\" alt=\"\" class=\"wp-image-1931\" style=\"width:187px;height:160px\"\/><\/figure>\n<\/div>\n<\/div>\n\n\n\n<div class=\"wp-block-columns is-layout-flex wp-container-core-columns-is-layout-28f84493 wp-block-columns-is-layout-flex\">\n<div class=\"wp-block-column is-layout-flow wp-block-column-is-layout-flow\">\n<h3 class=\"wp-block-heading\"><a href=\"https:\/\/www.biebertal.de\/infos-tipps\/weitere-tipps-infos\/weitere-tipps-infos\/abfall.html\" target=\"_blank\" rel=\"noreferrer noopener\">Wertstoffhof in der Gemeinde <\/a><\/h3>\n\n\n\n<p>in der Verl\u00e4ngerung der Kehlbachstra\u00dfe in Bieber<\/p>\n\n\n\n<p><strong>\u00d6ffnungszeiten<\/strong>:<br>Ganzj\u00e4hrig samstags von 9.00 Uhr bis 12.00 Uhr<br>Mittwochs, vom 01.04. bis zum 30.09. <br>von 17.00 bis 19.00 Uhr<br>Mittwochs, vom 01.10. bis zum 31.03. <br>von 15.00 bis 17.00 Uhr<\/p>\n\n\n\n<h3 class=\"wp-block-heading\"><strong>Containerdienst<\/strong><\/h3>\n\n\n\n<p><strong><a rel=\"noreferrer noopener\" href=\"https:\/\/www.rauber-container.de\/\" target=\"_blank\">Udo Rauber<\/a><\/strong><br>Schlo\u00dfstr. 66<br>35444 Biebertal-<strong>K\u00f6nigsberg<\/strong><br>Tel. 06409 \/ 662 86 20<br>Mail: <a rel=\"noreferrer noopener\" href=\"mailto:info@rauber-container.de\" target=\"_blank\">info@rauber-container.de<\/a><\/p>\n<\/div>\n\n\n\n<div class=\"wp-block-column is-layout-flow wp-block-column-is-layout-flow\">\n<h3 class=\"wp-block-heading\"><strong><a href=\"https:\/\/www.lkgi.de\/umwelt-bauen-und-entsorgung\/abfall-und-entsorgung\/zusaetzliche-abgabemoeglichkeiten2\/abfallwirtschaftszentrum-awz\" target=\"_blank\" rel=\"noreferrer noopener\">Abfallwirtschaftszentrum Gie\u00dfen<\/a><\/strong><\/h3>\n\n\n\n<p>Lahnstr. 220 \u00b7 35398 Gie\u00dfen&nbsp;\u00b7 <strong>~8,8 km von Biebertal<\/strong> <br>Telefon: 0641 79629342 + mehr, siehe <strong><a rel=\"noreferrer noopener\" href=\"https:\/\/www.remondis-entsorgung.de\/wir-in-ihrer-naehe\/remondis-im-suedwesten\/\" target=\"_blank\">REMONDIS<\/a><\/strong><\/p>\n\n\n\n<p><strong>\u00d6ffnungszeiten <\/strong><br>Montag bis Freitag 08.00 &#8211; 12,15 Uhr <br>(letzte Einfahrt um 11.30 Uhr)<br>13.00 &#8211; 17.00 Uhr (letzte Einfahrt um 16.30 Uhr)<br>Samstag 09.00 &#8211; 14.00 Uhr <br>(letzte Einfahrt um 13.30 Uhr)<\/p>\n\n\n\n<h3 class=\"wp-block-heading\"><a rel=\"noreferrer noopener\" href=\"https:\/\/www.lkgi.de\/umwelt-bauen-und-entsorgung\/abfall-und-entsorgung\/sperrmuell\" target=\"_blank\">Sperrm\u00fcll<\/a> <br>auf Anmeldung<\/h3>\n\n\n\n<p>entweder telefonisch unter  0641 26559-888 <br>oder&nbsp;im <a rel=\"noreferrer noopener\" href=\"https:\/\/sperrmuell.lkgi.de:8443\/WasteManagementGiessen\/WasteManagementServlet\" target=\"_blank\"><strong>Internet <\/strong><\/a>anmelden<\/p>\n<\/div>\n<\/div>\n\n\n\n<div class=\"wp-block-columns is-layout-flex wp-container-core-columns-is-layout-28f84493 wp-block-columns-is-layout-flex\">\n<div class=\"wp-block-column is-layout-flow wp-block-column-is-layout-flow\">\n<h3 class=\"wp-block-heading\">Wochenenddienst des Hessischen Forstamtes Wettenberg<\/h3>\n\n\n\n<p><strong>Forstamt Wettenberg<\/strong>, Burgstra\u00dfe 7, 35435 Wettenberg, Tel. 0641 \/ 46 04 60 &#8211; 0<br><strong>\u00d6ffnungszeiten<\/strong>: Montag &#8211; Freitag 09:00 &#8211; 12:00 und 13:30 &#8211; 15:30 Uhr<br><strong>Rufbereitschaft an dienstfreien Tagen<\/strong>, Tel. 0641 \/ 46 04 60 &#8211; 0<\/p>\n<\/div>\n\n\n\n<div class=\"wp-block-column is-layout-flow wp-block-column-is-layout-flow\">\n<h3 class=\"wp-block-heading\">Versicherten\u00e4ltester <br>Deutsche Rentenversicherung<\/h3>\n\n\n\n<p><strong>Walter Wagner<\/strong>, Im Backenborn 1, Fellingshausen, Tel: 06409 \/ 92 46<br><strong>Franz Gareis<\/strong>, Am Gro\u00dfacker, Fellingshausen, Tel: 06409 \/ 97 98, Mobil: 0163 \/ 697 64 78<br><strong>kostenloses Servicetelefon<\/strong> 0800 \/ 100 04 80 90<br><strong><a rel=\"noreferrer noopener\" href=\"https:\/\/www.deutsche-rentenversicherung.de\/DRV\/DE\/Beratung-und-Kontakt\/beratung-und-kontakt_node.html\" target=\"_blank\">Beratungsstelle Deutschen Rentenversicherung <\/a><\/strong>in Gie\u00dfen: Tel. 0641 \/ 97 78 90 05<\/p>\n<\/div>\n<\/div>\n\n\n\n<hr class=\"wp-block-separator has-css-opacity is-style-wide\"\/>\n\n\n\n<h4 class=\"wp-block-heading has-text-align-center\">Zu verschiedenen Aspekten in den Ortsteilen finden Sie hier Verlinkungen<\/h4>\n\n\n\n<div class=\"wp-block-columns is-layout-flex wp-container-core-columns-is-layout-28f84493 wp-block-columns-is-layout-flex\">\n<div class=\"wp-block-column is-layout-flow wp-block-column-is-layout-flow\">\n<h3 class=\"wp-block-heading has-text-align-center\"><a href=\"https:\/\/gemeinde.biebertaler-bilderbogen.de\/ortsbeiraete-in-biebertal\/\" target=\"_blank\" rel=\"noreferrer noopener\">Ortsbeir\u00e4te<\/a><\/h3>\n\n\n\n<p><strong>Fellingshausen<\/strong><\/p>\n\n\n\n<p><\/p>\n\n\n\n<p><strong>Frankenbach<\/strong><\/p>\n\n\n\n<p><\/p>\n\n\n\n<p><strong>K\u00f6nigsberg<\/strong><\/p>\n\n\n\n<p><\/p>\n\n\n\n<p><strong>Krumbach<\/strong><\/p>\n\n\n\n<p><\/p>\n\n\n\n<p><strong>Rodheim-Bieber<\/strong><\/p>\n\n\n\n<p><\/p>\n\n\n\n<p><strong>Vetzberg<\/strong><\/p>\n<\/div>\n\n\n\n<div class=\"wp-block-column is-layout-flow wp-block-column-is-layout-flow\">\n<h3 class=\"wp-block-heading has-text-align-center\">B\u00fcrgerkommunen <\/h3>\n\n\n\n<p><strong>Fellingshausen<\/strong><br>Ansprechpartner: Dieter Synowzik <br>Telefon: 06409 \/ 71 42<br>Am Gro\u00dfacker 8<br>Mail: <a href=\"mailto:D.Synowzik@online.de\">D.Synowzik@online.de<\/a><\/p>\n\n\n\n<p><strong>K\u00f6nigsberg<\/strong><br>Ansprechpartner:<br>Oswald Lepper \u2013 Telefon: 06446 \/ 22 48<br>Wolfgang Lenz \u2013 Telefon: 06446 \/ 921 681<\/p>\n\n\n\n<p><strong>Krumbach<\/strong><br>Ansprechpartner:<br>Gerhard Oehler \u2013 Telefon: 06409 \/ 9101<\/p>\n\n\n\n<p><strong>Rodheim-Bieber<\/strong><br>Ansprechpartner:<br>Hans Gerlach \u2013 Telefon: 06409&nbsp;\/ 6466<\/p>\n\n\n\n<p><strong>Vetzberg<\/strong><br>Ansprechpartner:<br>Siegfried Hauska \u2013 Telefon: 06409 \/2556<\/p>\n<\/div>\n<\/div>\n\n\n\n<h2 class=\"wp-block-heading\">B\u00fcchereien<\/h2>\n\n\n\n<div class=\"wp-block-columns is-layout-flex wp-container-core-columns-is-layout-28f84493 wp-block-columns-is-layout-flex\">\n<div class=\"wp-block-column is-layout-flow wp-block-column-is-layout-flow\">\n<h3 class=\"wp-block-heading\"><a rel=\"noreferrer noopener\" href=\"https:\/\/www.buecherei-biebertal.de\/\" target=\"_blank\"><strong>B\u00fccherei Rodheim<\/strong><\/a><\/h3>\n\n\n\n<figure class=\"wp-block-image size-large\"><img loading=\"lazy\" decoding=\"async\" width=\"925\" height=\"499\" src=\"https:\/\/telefon.bibibo.info\/wp-content\/uploads\/2020\/04\/f\u00f6rderverein-B\u00fccherei-Biebertal.png\" alt=\"\" class=\"wp-image-1392\" srcset=\"https:\/\/telefon.bibibo.info\/wp-content\/uploads\/2020\/04\/f\u00f6rderverein-B\u00fccherei-Biebertal.png 925w, https:\/\/telefon.bibibo.info\/wp-content\/uploads\/2020\/04\/f\u00f6rderverein-B\u00fccherei-Biebertal-300x162.png 300w, https:\/\/telefon.bibibo.info\/wp-content\/uploads\/2020\/04\/f\u00f6rderverein-B\u00fccherei-Biebertal-768x414.png 768w\" sizes=\"auto, (max-width: 925px) 100vw, 925px\" \/><\/figure>\n\n\n\n<p><strong>An der Neuen Schule<\/strong>, <strong>Biebertal-Rodheim<\/strong><br>Mail: <a href=\"mailto:vors@buecherei-biebertal.de\">vors@buecherei-biebertal.de<\/a><\/p>\n\n\n\n<h3 class=\"wp-block-heading\">\u00d6ffnungszeiten (Schulzeit)<\/h3>\n\n\n\n<figure class=\"wp-block-table\"><table><tbody><tr><td>Montag:&nbsp;<\/td><td>17<sup>00<\/sup>&nbsp;bis 18<sup>30<\/sup>&nbsp;Uhr<\/td><\/tr><tr><td>Mittwoch:&nbsp;<\/td><td>09<sup>30<\/sup>&nbsp;bis 11<sup>30<\/sup>&nbsp;Uhr<\/td><\/tr><\/tbody><\/table><\/figure>\n\n\n\n<h3 class=\"wp-block-heading\">\u00d6ffnungszeiten (Ferien)<\/h3>\n\n\n\n<figure class=\"wp-block-table\"><table><tbody><tr><td>Montag:<\/td><td>17<sup>00<\/sup>&nbsp;bis 18<sup>30<\/sup>&nbsp;Uhr<\/td><\/tr><tr><td>Mittwoch:<\/td><td>09<sup>30<\/sup>&nbsp;bis 11<sup>30<\/sup>&nbsp;Uhr<\/td><\/tr><\/tbody><\/table><\/figure>\n<\/div>\n\n\n\n<div class=\"wp-block-column is-layout-flow wp-block-column-is-layout-flow\">\n<h3 class=\"wp-block-heading\"><strong>B\u00fccherei Fellingshausen<\/strong><\/h3>\n\n\n\n<figure class=\"wp-block-image aligncenter size-large is-resized\"><img loading=\"lazy\" decoding=\"async\" width=\"1024\" height=\"768\" src=\"https:\/\/telefon.bibibo.info\/wp-content\/uploads\/2022\/03\/photo_2022-03-01_12-52-38-Ev.-Kirchengem.-Buecherei-1024x768.jpg\" alt=\"\" class=\"wp-image-2011\" style=\"width:297px;height:222px\" srcset=\"https:\/\/telefon.bibibo.info\/wp-content\/uploads\/2022\/03\/photo_2022-03-01_12-52-38-Ev.-Kirchengem.-Buecherei-1024x768.jpg 1024w, https:\/\/telefon.bibibo.info\/wp-content\/uploads\/2022\/03\/photo_2022-03-01_12-52-38-Ev.-Kirchengem.-Buecherei-300x225.jpg 300w, https:\/\/telefon.bibibo.info\/wp-content\/uploads\/2022\/03\/photo_2022-03-01_12-52-38-Ev.-Kirchengem.-Buecherei-768x576.jpg 768w, https:\/\/telefon.bibibo.info\/wp-content\/uploads\/2022\/03\/photo_2022-03-01_12-52-38-Ev.-Kirchengem.-Buecherei.jpg 1280w\" sizes=\"auto, (max-width: 1024px) 100vw, 1024px\" \/><\/figure>\n\n\n\n<p><strong>Gemeindezentrum der evangelischen Kirchengemeinde, Pfarrstra\u00dfe 5<\/strong><\/p>\n\n\n\n<p>Ansprechpartner<br>Susanne Markert, Tanja Schmidt<br>und Katrin Eggert-Schulz.<\/p>\n\n\n\n<p><strong>Ausleihe<\/strong><br>montags von 12 bis 13 und 20 bis 21 Uhr<br>freitags von 17.30 bis 18.30 Uhr<\/p>\n<\/div>\n<\/div>\n\n\n\n<div class=\"wp-block-columns is-layout-flex wp-container-core-columns-is-layout-28f84493 wp-block-columns-is-layout-flex\">\n<div class=\"wp-block-column is-layout-flow wp-block-column-is-layout-flow\">\n<h2 class=\"wp-block-heading\">Wochenmarkt in Rodheim<\/h2>\n\n\n\n<p>auf dem Parkplatz der Gemeindeverwaltung<\/p>\n\n\n\n<p>Freitags 14-17 Uhr<\/p>\n<\/div>\n\n\n\n<div class=\"wp-block-column is-layout-flow wp-block-column-is-layout-flow\">\n<h2 class=\"wp-block-heading\">Wochenmarkt in Fellingshausen<\/h2>\n\n\n\n<p>auf dem Parkplatz der Mehrzweckhalle<\/p>\n\n\n\n<p>Donnerstags 15-17 Uhr<\/p>\n<\/div>\n<\/div>\n","protected":false},"excerpt":{"rendered":"<p>auf dieser Seite finden Sie Adressen und Informationen zu: Gemeindeverwaltung, Sprechzeiten, Fundb\u00fcro, Ortsgericht, Grill- u. Schutzh\u00fctten, Schiedsperson, Biebertal hilft, Wasser + Abwasser, Strom + Gas, Stra\u00dfenlaternen, Abfallentsorgung,Wochenenddienst des Forstamtes Wettenberg, Versicherungs\u00e4ltester Deutsche Rentenversicherung Ortsbeir\u00e4te, B\u00fcrgerkommunen, B\u00fcchereien GemeindeverwaltungM\u00fchlbergstr. 9, 35444 Biebertal-Rodheim&nbsp;&nbsp;Tel:&nbsp;06409 \/ 69 \u2013 0 Die Seite www.biebertal.de der Gemeindeverwaltung bietet folgende InhalteKontakt: Infos &amp; Tipps &hellip; <\/p>\n<p class=\"link-more\"><a href=\"https:\/\/telefon.bibibo.info\/?page_id=174\" class=\"more-link\">Mehr <span class=\"screen-reader-text\">\u00fcber &#8222;Gemeinde &#8211; Verwaltung + Ortsteile&#8220; <\/span>Lesen<\/a><\/p>\n","protected":false},"author":1,"featured_media":0,"parent":0,"menu_order":0,"comment_status":"closed","ping_status":"closed","template":"","meta":{"inspiro_hide_title":false,"footnotes":""},"class_list":["post-174","page","type-page","status-publish","hentry"],"_links":{"self":[{"href":"https:\/\/telefon.bibibo.info\/index.php?rest_route=\/wp\/v2\/pages\/174","targetHints":{"allow":["GET"]}}],"collection":[{"href":"https:\/\/telefon.bibibo.info\/index.php?rest_route=\/wp\/v2\/pages"}],"about":[{"href":"https:\/\/telefon.bibibo.info\/index.php?rest_route=\/wp\/v2\/types\/page"}],"author":[{"embeddable":true,"href":"https:\/\/telefon.bibibo.info\/index.php?rest_route=\/wp\/v2\/users\/1"}],"replies":[{"embeddable":true,"href":"https:\/\/telefon.bibibo.info\/index.php?rest_route=%2Fwp%2Fv2%2Fcomments&post=174"}],"version-history":[{"count":44,"href":"https:\/\/telefon.bibibo.info\/index.php?rest_route=\/wp\/v2\/pages\/174\/revisions"}],"predecessor-version":[{"id":2884,"href":"https:\/\/telefon.bibibo.info\/index.php?rest_route=\/wp\/v2\/pages\/174\/revisions\/2884"}],"wp:attachment":[{"href":"https:\/\/telefon.bibibo.info\/index.php?rest_route=%2Fwp%2Fv2%2Fmedia&parent=174"}],"curies":[{"name":"wp","href":"https:\/\/api.w.org\/{rel}","templated":true}]}}