{"id":1037,"date":"2020-03-21T21:21:23","date_gmt":"2020-03-21T21:21:23","guid":{"rendered":"https:\/\/telefon.bibibo.de\/?page_id=1037"},"modified":"2020-06-06T15:50:04","modified_gmt":"2020-06-06T15:50:04","slug":"kinos-und-theater-in-der-umgebung","status":"publish","type":"page","link":"https:\/\/telefon.bibibo.info\/?page_id=1037","title":{"rendered":"Kinos und Theater in der Umgebung"},"content":{"rendered":"\n<p class=\"has-medium-font-size\"><strong>Kinos <\/strong><\/p>\n\n\n\n<figure class=\"wp-block-image size-large\"><img loading=\"lazy\" decoding=\"async\" width=\"556\" height=\"219\" src=\"https:\/\/telefon.bibibo.info\/wp-content\/uploads\/2020\/03\/image-90.png\" alt=\"\" class=\"wp-image-1071\" srcset=\"https:\/\/telefon.bibibo.info\/wp-content\/uploads\/2020\/03\/image-90.png 556w, https:\/\/telefon.bibibo.info\/wp-content\/uploads\/2020\/03\/image-90-300x118.png 300w\" sizes=\"auto, (max-width: 556px) 100vw, 556px\" \/><\/figure>\n\n\n\n<p class=\"has-medium-font-size\"><strong>Theater<\/strong> in <strong>Gie\u00dfen<\/strong><\/p>\n\n\n\n<p> <strong>Stadttheater<\/strong>, Gro\u00dfes Haus, S\u00fcdanlage 1, 35390 Gie\u00dfen \u200e    Tel: 0641 79 570<br> <strong>taT-studiob\u00fchne<\/strong> + <strong>KWA \u2013 Foyer der taT-studiob\u00fchne<\/strong>, Ostanlage 43, 35390 Gie\u00dfen <br>(Berliner Platz, gegen\u00fcber Eingang Rathaus)<\/p>\n\n\n\n<div class=\"wp-block-columns is-layout-flex wp-container-core-columns-is-layout-28f84493 wp-block-columns-is-layout-flex\">\n<div class=\"wp-block-column is-layout-flow wp-block-column-is-layout-flow\">\n<p class=\"has-text-align-center has-medium-font-size\"><a href=\"https:\/\/webshop.stadttheater-giessen.de\/eventim.webshop\/webticket\/eventlist\">  <strong>Ticketshop<\/strong><\/a><\/p>\n<\/div>\n\n\n\n<div class=\"wp-block-column is-layout-flow wp-block-column-is-layout-flow\">\n<p class=\"has-text-align-center has-medium-font-size\"><a href=\"https:\/\/www.stadttheater-giessen.de\/kalender.html\"><strong> Spielplan-Kalender  <\/strong><\/a><\/p>\n<\/div>\n<\/div>\n\n\n\n<p class=\"has-medium-font-size\"><strong>Theater <\/strong>in <strong>Biebertal<\/strong> <\/p>\n\n\n\n<p><strong>Theatergruppe des TSV Fellingshausen<\/strong> &#8211; spielt im November eines Jahres eigene St\u00fccke<br>Gastst\u00e4tte &#8222;Zur Post&#8220;, Die Grohbach 14, Biebertal-Fellingshausen<br>Telefon:  06409 \/ 96 40 <\/p>\n\n\n\n<p><br><br><br>   <\/p>\n","protected":false},"excerpt":{"rendered":"<p>Kinos Theater in Gie\u00dfen Stadttheater, Gro\u00dfes Haus, S\u00fcdanlage 1, 35390 Gie\u00dfen \u200e Tel: 0641 79 570 taT-studiob\u00fchne + KWA \u2013 Foyer der taT-studiob\u00fchne, Ostanlage 43, 35390 Gie\u00dfen (Berliner Platz, gegen\u00fcber Eingang Rathaus) Ticketshop Spielplan-Kalender Theater in Biebertal Theatergruppe des TSV Fellingshausen &#8211; spielt im November eines Jahres eigene St\u00fcckeGastst\u00e4tte &#8222;Zur Post&#8220;, Die Grohbach 14, Biebertal-FellingshausenTelefon: &hellip; <\/p>\n<p class=\"link-more\"><a href=\"https:\/\/telefon.bibibo.info\/?page_id=1037\" class=\"more-link\">Mehr <span class=\"screen-reader-text\">\u00fcber &#8222;Kinos und Theater in der Umgebung&#8220; <\/span>Lesen<\/a><\/p>\n","protected":false},"author":2,"featured_media":0,"parent":0,"menu_order":0,"comment_status":"closed","ping_status":"closed","template":"","meta":{"inspiro_hide_title":false,"footnotes":""},"class_list":["post-1037","page","type-page","status-publish","hentry"],"_links":{"self":[{"href":"https:\/\/telefon.bibibo.info\/index.php?rest_route=\/wp\/v2\/pages\/1037","targetHints":{"allow":["GET"]}}],"collection":[{"href":"https:\/\/telefon.bibibo.info\/index.php?rest_route=\/wp\/v2\/pages"}],"about":[{"href":"https:\/\/telefon.bibibo.info\/index.php?rest_route=\/wp\/v2\/types\/page"}],"author":[{"embeddable":true,"href":"https:\/\/telefon.bibibo.info\/index.php?rest_route=\/wp\/v2\/users\/2"}],"replies":[{"embeddable":true,"href":"https:\/\/telefon.bibibo.info\/index.php?rest_route=%2Fwp%2Fv2%2Fcomments&post=1037"}],"version-history":[{"count":5,"href":"https:\/\/telefon.bibibo.info\/index.php?rest_route=\/wp\/v2\/pages\/1037\/revisions"}],"predecessor-version":[{"id":1612,"href":"https:\/\/telefon.bibibo.info\/index.php?rest_route=\/wp\/v2\/pages\/1037\/revisions\/1612"}],"wp:attachment":[{"href":"https:\/\/telefon.bibibo.info\/index.php?rest_route=%2Fwp%2Fv2%2Fmedia&parent=1037"}],"curies":[{"name":"wp","href":"https:\/\/api.w.org\/{rel}","templated":true}]}}